{"id":2532,"date":"2016-09-30T07:52:15","date_gmt":"2016-09-30T05:52:15","guid":{"rendered":"http:\/\/frontrowfan.com\/kontakt\/"},"modified":"2023-06-28T14:58:52","modified_gmt":"2023-06-28T12:58:52","slug":"contact","status":"publish","type":"page","link":"https:\/\/frontrowfan.com\/en\/contact\/","title":{"rendered":"Contact"},"content":{"rendered":"<section class=\"l-section wpb_row height_small\"><div class=\"l-section-h i-cf\"><div class=\"g-cols vc_row via_grid cols_1 laptops-cols_inherit tablets-cols_inherit mobiles-cols_1 valign_top type_default stacking_default\"><div class=\"wpb_column vc_column_container\"><div class=\"vc_column-inner\"><div class=\"wpb_text_column\"><div class=\"wpb_wrapper\"><h1 style=\"text-align: center;\">If you have any questions,<br \/>\nplease do not hesitate to contact us.<\/h1>\n<\/div><\/div><\/div><\/div><\/div><\/div><\/section><section class=\"l-section wpb_row us_custom_ddae3d17 height_medium\"><div class=\"l-section-h i-cf\"><div class=\"g-cols vc_row via_grid cols_2 laptops-cols_inherit tablets-cols_inherit mobiles-cols_1 valign_top type_default stacking_default\"><div class=\"wpb_column vc_column_container\"><div class=\"vc_column-inner\"><form class=\"w-form  layout_ver for_cform us_form_1\" autocomplete=\"off\" action=\"https:\/\/frontrowfan.com\/en\/wp-json\/wp\/v2\/pages\/2532\" method=\"post\"><div class=\"w-form-h\"><div class=\"w-form-row for_text required with_icon cols_2\">\r\n\t\t<div class=\"w-form-row-field\">\r\n\t\t\t\t<i class=\"fas fa-user\"><\/i>\t\t<input aria-label=\"Name\" type=\"text\" name=\"us_form_1_text_1\" value placeholder=\"Name *\" data-required=\"true\" aria-required=\"true\"\/>\r\n\t\t\t<\/div>\r\n\t\t<div class=\"w-form-row-state\">Fill out this field<\/div>\r\n<\/div>\r\n<div class=\"w-form-row for_email required with_icon cols_2\">\r\n\t\t<div class=\"w-form-row-field\">\r\n\t\t\t\t<i class=\"fas fa-paper-plane\"><\/i>\t\t<input aria-label=\"E-mail\" type=\"email\" name=\"us_form_1_email_1\" value placeholder=\"E-mail *\" data-required=\"true\" aria-required=\"true\"\/>\r\n\t\t\t<\/div>\r\n\t\t<div class=\"w-form-row-state\">Please enter a valid email address.<\/div>\r\n<\/div>\r\n<div class=\"w-form-row for_text with_icon\">\r\n\t\t<div class=\"w-form-row-field\">\r\n\t\t\t\t<i class=\"fas fa-quote-right\"><\/i>\t\t<input aria-label=\"Subject\" type=\"text\" name=\"us_form_1_text_2\" value placeholder=\"Subject\"\/>\r\n\t\t\t<\/div>\r\n\t\t<div class=\"w-form-row-state\">Fill out this field<\/div>\r\n<\/div>\r\n<div class=\"w-form-row for_textarea with_icon\">\r\n\t\t<div class=\"w-form-row-field\">\r\n\t\t\t\t<i class=\"fas fa-envelope\"><\/i>\t\t<textarea aria-label=\"Message\" name=\"us_form_1_textarea_1\" placeholder=\"Message\"><\/textarea>\r\n\t\t\t<\/div>\r\n\t\t<div class=\"w-form-row-state\">Fill out this field<\/div>\r\n<\/div>\r\n<input type=\"hidden\" name=\"action\" value=\"us_ajax_cform\" \/>\r\n<input type=\"hidden\" name=\"post_id\" value=\"0\" \/>\r\n<input type=\"hidden\" name=\"form_index\" value=\"1\" \/>\r\n<div class=\"w-form-row for_submit  align_none\">\r\n\t<button class=\"w-btn  us-btn-style_1\" aria-label=\"Send\" type=\"submit\">\r\n\t\t<span class=\"g-preloader type_1\"><\/span>\r\n\t\t\t\t<span class=\"w-btn-label\">Send<\/span>\r\n\t\t\t<\/button>\r\n\t<\/div>\r\n<\/div><div class=\"w-form-message\"><\/div><div class=\"w-form-json hidden\" onclick='return {&quot;ajaxurl&quot;:&quot;https:\\\/\\\/frontrowfan.com\\\/wp-admin\\\/admin-ajax.php&quot;,&quot;messages&quot;:{&quot;err_empty&quot;:&quot;Fill out this field&quot;,&quot;err_size&quot;:&quot;File size cannot exceed %s MB&quot;,&quot;err_extension&quot;:&quot;%s file type is not allowed&quot;}}'><\/div><\/form><\/div><\/div><div class=\"wpb_column vc_column_container\"><div class=\"vc_column-inner\"><div class=\"wpb_text_column us_custom_38a11e1e\"><div class=\"wpb_wrapper\"><p><strong>ANARDOM, s.r.o.<br \/>\n<\/strong>O\u010dovsk\u00e1 2, 851 02, Bratislava<br \/>\nI\u010cO: 50 525 794<br \/>\nDI\u010c: 212 036 7139<br \/>\n<a href=\"mailto:info@frontrowfan.com\">info@frontrowfan.com<\/a><\/p>\n<p>Contact person: Mgr. Michal Kramar\u00edk<br \/>\n<a href=\"mailto:kramarik.michal@gmail.com\">kramarik.michal@gmail.com<\/a><br \/>\n<a href=\"tel:+421 911 833 314\">+421 911 833 314<\/a><\/p>\n<\/div><\/div><\/div><\/div><\/div><\/div><\/section>\n","protected":false},"excerpt":{"rendered":"If you have any questions, please do not hesitate to contact us. Fill out this field Please enter a valid email address. Fill out this field Fill out this field Send ANARDOM, s.r.o. O\u010dovsk\u00e1 2, 851 02, Bratislava I\u010cO: 50 525 794 DI\u010c: 212 036 7139 info@frontrowfan.com Contact person: Mgr. Michal Kramar\u00edk kramarik.michal@gmail.com +421 911...","protected":false},"author":1,"featured_media":0,"parent":0,"menu_order":0,"comment_status":"closed","ping_status":"closed","template":"","meta":{"inline_featured_image":false,"footnotes":""},"class_list":["post-2532","page","type-page","status-publish","hentry"],"yoast_head":"<!-- This site is optimized with the Yoast SEO plugin v20.11 - https:\/\/yoast.com\/wordpress\/plugins\/seo\/ -->\n<title>Contact | FrontRowFan.com<\/title>\n<meta name=\"robots\" content=\"index, follow, max-snippet:-1, max-image-preview:large, max-video-preview:-1\" \/>\n<link rel=\"canonical\" href=\"https:\/\/frontrowfan.com\/en\/contact\/\" \/>\n<meta property=\"og:locale\" content=\"en_US\" \/>\n<meta property=\"og:type\" content=\"article\" \/>\n<meta property=\"og:title\" content=\"Contact | FrontRowFan.com\" \/>\n<meta property=\"og:url\" content=\"https:\/\/frontrowfan.com\/en\/contact\/\" \/>\n<meta property=\"og:site_name\" content=\"FrontRowFan.com\" \/>\n<meta property=\"article:publisher\" content=\"https:\/\/www.facebook.com\/somfanusikzprvehoradu\" \/>\n<meta property=\"article:modified_time\" content=\"2023-06-28T12:58:52+00:00\" \/>\n<meta property=\"og:image\" content=\"https:\/\/frontrowfan.com\/wp-content\/uploads\/2023\/06\/Obrazok-1024x648.png\" \/>\n\t<meta property=\"og:image:width\" content=\"1024\" \/>\n\t<meta property=\"og:image:height\" content=\"648\" \/>\n\t<meta property=\"og:image:type\" content=\"image\/png\" \/>\n<meta name=\"twitter:card\" content=\"summary_large_image\" \/>\n<meta name=\"twitter:label1\" content=\"Est. reading time\" \/>\n\t<meta name=\"twitter:data1\" content=\"1 minute\" \/>\n<script type=\"application\/ld+json\" class=\"yoast-schema-graph\">{\"@context\":\"https:\/\/schema.org\",\"@graph\":[{\"@type\":\"WebPage\",\"@id\":\"https:\/\/frontrowfan.com\/en\/contact\/\",\"url\":\"https:\/\/frontrowfan.com\/en\/contact\/\",\"name\":\"Contact | FrontRowFan.com\",\"isPartOf\":{\"@id\":\"https:\/\/frontrowfan.com\/en\/#website\"},\"datePublished\":\"2016-09-30T05:52:15+00:00\",\"dateModified\":\"2023-06-28T12:58:52+00:00\",\"breadcrumb\":{\"@id\":\"https:\/\/frontrowfan.com\/en\/contact\/#breadcrumb\"},\"inLanguage\":\"en-US\",\"potentialAction\":[{\"@type\":\"ReadAction\",\"target\":[\"https:\/\/frontrowfan.com\/en\/contact\/\"]}]},{\"@type\":\"BreadcrumbList\",\"@id\":\"https:\/\/frontrowfan.com\/en\/contact\/#breadcrumb\",\"itemListElement\":[{\"@type\":\"ListItem\",\"position\":1,\"name\":\"Domovsk\u00e1 str\u00e1nka\",\"item\":\"https:\/\/frontrowfan.com\/en\/\"},{\"@type\":\"ListItem\",\"position\":2,\"name\":\"Contact\"}]},{\"@type\":\"WebSite\",\"@id\":\"https:\/\/frontrowfan.com\/en\/#website\",\"url\":\"https:\/\/frontrowfan.com\/en\/\",\"name\":\"FrontRowFan\",\"description\":\"Si ten spr\u00e1vny hudobn\u00fd fan\u00fa\u0161ik?\",\"publisher\":{\"@id\":\"https:\/\/frontrowfan.com\/en\/#organization\"},\"potentialAction\":[{\"@type\":\"SearchAction\",\"target\":{\"@type\":\"EntryPoint\",\"urlTemplate\":\"https:\/\/frontrowfan.com\/en\/?s={search_term_string}\"},\"query-input\":\"required name=search_term_string\"}],\"inLanguage\":\"en-US\"},{\"@type\":\"Organization\",\"@id\":\"https:\/\/frontrowfan.com\/en\/#organization\",\"name\":\"FrontRowFan\",\"url\":\"https:\/\/frontrowfan.com\/en\/\",\"logo\":{\"@type\":\"ImageObject\",\"inLanguage\":\"en-US\",\"@id\":\"https:\/\/frontrowfan.com\/en\/#\/schema\/logo\/image\/\",\"url\":\"https:\/\/frontrowfan.com\/wp-content\/uploads\/2023\/05\/FRF-logo.png\",\"contentUrl\":\"https:\/\/frontrowfan.com\/wp-content\/uploads\/2023\/05\/FRF-logo.png\",\"width\":297,\"height\":121,\"caption\":\"FrontRowFan\"},\"image\":{\"@id\":\"https:\/\/frontrowfan.com\/en\/#\/schema\/logo\/image\/\"},\"sameAs\":[\"https:\/\/www.facebook.com\/somfanusikzprvehoradu\"]}]}<\/script>\n<!-- \/ Yoast SEO plugin. -->","yoast_head_json":{"title":"Contact | FrontRowFan.com","robots":{"index":"index","follow":"follow","max-snippet":"max-snippet:-1","max-image-preview":"max-image-preview:large","max-video-preview":"max-video-preview:-1"},"canonical":"https:\/\/frontrowfan.com\/en\/contact\/","og_locale":"en_US","og_type":"article","og_title":"Contact | FrontRowFan.com","og_url":"https:\/\/frontrowfan.com\/en\/contact\/","og_site_name":"FrontRowFan.com","article_publisher":"https:\/\/www.facebook.com\/somfanusikzprvehoradu","article_modified_time":"2023-06-28T12:58:52+00:00","og_image":[{"width":1024,"height":648,"url":"https:\/\/frontrowfan.com\/wp-content\/uploads\/2023\/06\/Obrazok-1024x648.png","type":"image\/png"}],"twitter_card":"summary_large_image","twitter_misc":{"Est. reading time":"1 minute"},"schema":{"@context":"https:\/\/schema.org","@graph":[{"@type":"WebPage","@id":"https:\/\/frontrowfan.com\/en\/contact\/","url":"https:\/\/frontrowfan.com\/en\/contact\/","name":"Contact | FrontRowFan.com","isPartOf":{"@id":"https:\/\/frontrowfan.com\/en\/#website"},"datePublished":"2016-09-30T05:52:15+00:00","dateModified":"2023-06-28T12:58:52+00:00","breadcrumb":{"@id":"https:\/\/frontrowfan.com\/en\/contact\/#breadcrumb"},"inLanguage":"en-US","potentialAction":[{"@type":"ReadAction","target":["https:\/\/frontrowfan.com\/en\/contact\/"]}]},{"@type":"BreadcrumbList","@id":"https:\/\/frontrowfan.com\/en\/contact\/#breadcrumb","itemListElement":[{"@type":"ListItem","position":1,"name":"Domovsk\u00e1 str\u00e1nka","item":"https:\/\/frontrowfan.com\/en\/"},{"@type":"ListItem","position":2,"name":"Contact"}]},{"@type":"WebSite","@id":"https:\/\/frontrowfan.com\/en\/#website","url":"https:\/\/frontrowfan.com\/en\/","name":"FrontRowFan","description":"Si ten spr\u00e1vny hudobn\u00fd fan\u00fa\u0161ik?","publisher":{"@id":"https:\/\/frontrowfan.com\/en\/#organization"},"potentialAction":[{"@type":"SearchAction","target":{"@type":"EntryPoint","urlTemplate":"https:\/\/frontrowfan.com\/en\/?s={search_term_string}"},"query-input":"required name=search_term_string"}],"inLanguage":"en-US"},{"@type":"Organization","@id":"https:\/\/frontrowfan.com\/en\/#organization","name":"FrontRowFan","url":"https:\/\/frontrowfan.com\/en\/","logo":{"@type":"ImageObject","inLanguage":"en-US","@id":"https:\/\/frontrowfan.com\/en\/#\/schema\/logo\/image\/","url":"https:\/\/frontrowfan.com\/wp-content\/uploads\/2023\/05\/FRF-logo.png","contentUrl":"https:\/\/frontrowfan.com\/wp-content\/uploads\/2023\/05\/FRF-logo.png","width":297,"height":121,"caption":"FrontRowFan"},"image":{"@id":"https:\/\/frontrowfan.com\/en\/#\/schema\/logo\/image\/"},"sameAs":["https:\/\/www.facebook.com\/somfanusikzprvehoradu"]}]}},"_links":{"self":[{"href":"https:\/\/frontrowfan.com\/en\/wp-json\/wp\/v2\/pages\/2532","targetHints":{"allow":["GET"]}}],"collection":[{"href":"https:\/\/frontrowfan.com\/en\/wp-json\/wp\/v2\/pages"}],"about":[{"href":"https:\/\/frontrowfan.com\/en\/wp-json\/wp\/v2\/types\/page"}],"author":[{"embeddable":true,"href":"https:\/\/frontrowfan.com\/en\/wp-json\/wp\/v2\/users\/1"}],"replies":[{"embeddable":true,"href":"https:\/\/frontrowfan.com\/en\/wp-json\/wp\/v2\/comments?post=2532"}],"version-history":[{"count":21,"href":"https:\/\/frontrowfan.com\/en\/wp-json\/wp\/v2\/pages\/2532\/revisions"}],"predecessor-version":[{"id":2801,"href":"https:\/\/frontrowfan.com\/en\/wp-json\/wp\/v2\/pages\/2532\/revisions\/2801"}],"wp:attachment":[{"href":"https:\/\/frontrowfan.com\/en\/wp-json\/wp\/v2\/media?parent=2532"}],"curies":[{"name":"wp","href":"https:\/\/api.w.org\/{rel}","templated":true}]}}