{"id":2530,"date":"2016-10-07T16:23:23","date_gmt":"2016-10-07T14:23:23","guid":{"rendered":"http:\/\/frontrowfan.com\/moj-ucet\/"},"modified":"2023-07-26T10:18:00","modified_gmt":"2023-07-26T08:18:00","slug":"my-account","status":"publish","type":"page","link":"https:\/\/frontrowfan.com\/en\/my-account\/","title":{"rendered":"My Account"},"content":{"rendered":"<section class=\"l-section wpb_row height_small\"><div class=\"l-section-h i-cf\"><div class=\"g-cols vc_row via_grid cols_1 laptops-cols_inherit tablets-cols_inherit mobiles-cols_1 valign_top type_default stacking_default\"><div class=\"wpb_column vc_column_container\"><div class=\"vc_column-inner\"><h1 class=\"w-post-elm post_title align_center entry-title color_link_inherit\">My Account<\/h1><div class=\"w-separator size_medium\"><\/div>\t<div class=\"w-account-login woocommerce style_default\">\r\n\t\t\n\n<div class=\"u-columns col2-set\" id=\"customer_login\">\n\n\t<div class=\"u-column1 col-1\">\n\n\n\t\t<h2>Login<\/h2>\n\n\t\t<form class=\"woocommerce-form woocommerce-form-login login\" method=\"post\">\n\n\t\t\t\n\t\t\t<p class=\"woocommerce-form-row woocommerce-form-row--wide form-row form-row-wide\">\n\t\t\t\t<label for=\"username\">Username or email address&nbsp;<span class=\"required\">*<\/span><\/label>\n\t\t\t\t<input type=\"text\" class=\"woocommerce-Input woocommerce-Input--text input-text\" name=\"username\" id=\"username\" autocomplete=\"username\" value=\"\" \/>\t\t\t<\/p>\n\t\t\t<p class=\"woocommerce-form-row woocommerce-form-row--wide form-row form-row-wide\">\n\t\t\t\t<label for=\"password\">Password&nbsp;<span class=\"required\">*<\/span><\/label>\n\t\t\t\t<input class=\"woocommerce-Input woocommerce-Input--text input-text\" type=\"password\" name=\"password\" id=\"password\" autocomplete=\"current-password\" \/>\n\t\t\t<\/p>\n\n\t\t\t\n\t\t\t<p class=\"form-row\">\n\t\t\t\t<label class=\"woocommerce-form__label woocommerce-form__label-for-checkbox woocommerce-form-login__rememberme\">\n\t\t\t\t\t<input class=\"woocommerce-form__input woocommerce-form__input-checkbox\" name=\"rememberme\" type=\"checkbox\" id=\"rememberme\" value=\"forever\" \/> <span>Remember me<\/span>\n\t\t\t\t<\/label>\n\t\t\t\t<input type=\"hidden\" id=\"woocommerce-login-nonce\" name=\"woocommerce-login-nonce\" value=\"26ede736b6\" \/><input type=\"hidden\" name=\"_wp_http_referer\" value=\"\/en\/wp-json\/wp\/v2\/pages\/2530\" \/>\t\t\t\t<button type=\"submit\" class=\"woocommerce-button button woocommerce-form-login__submit\" name=\"login\" value=\"Log in\">Log in<\/button>\n\t\t\t<\/p>\n\t\t\t<p class=\"woocommerce-LostPassword lost_password\">\n\t\t\t\t<a href=\"https:\/\/frontrowfan.com\/en\/my-account\/lost-password\/\">Lost your password?<\/a>\n\t\t\t<\/p>\n\n\t\t\t\n\t\t<\/form>\n\n\n\t<\/div>\n\n\t<div class=\"u-column2 col-2\">\n\n\t\t<h2>Register<\/h2>\n\n\t\t<form method=\"post\" class=\"woocommerce-form woocommerce-form-register register\"  >\n\n\t\t\t\n\t\t\t\n\t\t\t\t<p class=\"woocommerce-form-row woocommerce-form-row--wide form-row form-row-wide\">\n\t\t\t\t\t<label for=\"reg_username\">Username&nbsp;<span class=\"required\">*<\/span><\/label>\n\t\t\t\t\t<input type=\"text\" class=\"woocommerce-Input woocommerce-Input--text input-text\" name=\"username\" id=\"reg_username\" autocomplete=\"username\" value=\"\" \/>\t\t\t\t<\/p>\n\n\t\t\t\n\t\t\t<p class=\"woocommerce-form-row woocommerce-form-row--wide form-row form-row-wide\">\n\t\t\t\t<label for=\"reg_email\">Email address&nbsp;<span class=\"required\">*<\/span><\/label>\n\t\t\t\t<input type=\"email\" class=\"woocommerce-Input woocommerce-Input--text input-text\" name=\"email\" id=\"reg_email\" autocomplete=\"email\" value=\"\" \/>\t\t\t<\/p>\n\n\t\t\t\n\t\t\t\t<p class=\"woocommerce-form-row woocommerce-form-row--wide form-row form-row-wide\">\n\t\t\t\t\t<label for=\"reg_password\">Password&nbsp;<span class=\"required\">*<\/span><\/label>\n\t\t\t\t\t<input type=\"password\" class=\"woocommerce-Input woocommerce-Input--text input-text\" name=\"password\" id=\"reg_password\" autocomplete=\"new-password\" \/>\n\t\t\t\t<\/p>\n\n\t\t\t\n\t\t\t\n\t\t\t<p class=\"woocommerce-form-row form-row\">\n\t\t\t\t<input type=\"hidden\" id=\"woocommerce-register-nonce\" name=\"woocommerce-register-nonce\" value=\"b99935f4d2\" \/><input type=\"hidden\" name=\"_wp_http_referer\" value=\"\/en\/wp-json\/wp\/v2\/pages\/2530\" \/>\t\t\t\t<button type=\"submit\" class=\"woocommerce-Button woocommerce-button button woocommerce-form-register__submit\" name=\"register\" value=\"Register\">Register<\/button>\n\t\t\t<\/p>\n\n\t\t\t\n\t\t<\/form>\n\n\t<\/div>\n\n<\/div>\n\n\t<\/div>\r\n\t<\/div><\/div><\/div><\/div><\/section><section class=\"l-section wpb_row height_small\"><div class=\"l-section-h i-cf\"><div class=\"g-cols vc_row via_grid cols_1-3 laptops-cols_inherit tablets-cols_inherit mobiles-cols_1 valign_top type_default stacking_default\"><div class=\"wpb_column vc_column_container\"><div class=\"vc_column-inner\"><\/div><\/div><div class=\"wpb_column vc_column_container\"><div class=\"vc_column-inner\"><div class=\"g-cols wpb_row via_grid cols_3 laptops-cols_inherit tablets-cols_inherit mobiles-cols_1 valign_top type_default stacking_default\" style=\"grid-gap:1.7rem;\"><div class=\"wpb_column vc_column_container\"><div class=\"vc_column-inner\"><div class=\"w-iconbox us_custom_6bd1143f iconpos_top style_default color_primary align_center no_text\"><a href=\"orders\/\" class=\"w-iconbox-link\" aria-label=\"Orders\"><div class=\"w-iconbox-icon\" style=\"font-size:2rem;\"><i class=\"fas fa-star\"><\/i><\/div><\/a><div class=\"w-iconbox-meta\"><a href=\"orders\/\" class=\"w-iconbox-link\" aria-label=\"Orders\"><h4 class=\"w-iconbox-title\">Orders<\/h4><\/a><\/div><\/div><\/div><\/div><div class=\"wpb_column vc_column_container\"><div class=\"vc_column-inner\"><div class=\"w-iconbox us_custom_6bd1143f iconpos_top style_default color_primary align_center no_text\"><a href=\"addresses\/\" class=\"w-iconbox-link\" aria-label=\"Addresses\"><div class=\"w-iconbox-icon\" style=\"font-size:2rem;\"><i class=\"far fa-map-marker-alt\"><\/i><\/div><\/a><div class=\"w-iconbox-meta\"><a href=\"addresses\/\" class=\"w-iconbox-link\" aria-label=\"Addresses\"><h4 class=\"w-iconbox-title\">Addresses<\/h4><\/a><\/div><\/div><\/div><\/div><div class=\"wpb_column vc_column_container\"><div class=\"vc_column-inner\"><div class=\"w-iconbox us_custom_6bd1143f iconpos_top style_default color_primary align_center no_text\"><a href=\"https:\/\/frontrowfan.com\/moj-ucet\/payment-methods\/\" class=\"w-iconbox-link\" aria-label=\"Payments\"><div class=\"w-iconbox-icon\" style=\"font-size:2rem;\"><i class=\"fas fa-pig\"><\/i><\/div><\/a><div class=\"w-iconbox-meta\"><a href=\"https:\/\/frontrowfan.com\/moj-ucet\/payment-methods\/\" class=\"w-iconbox-link\" aria-label=\"Payments\"><h4 class=\"w-iconbox-title\">Payments<\/h4><\/a><\/div><\/div><\/div><\/div><\/div><\/div><\/div><\/div><\/div><\/section>\n","protected":false},"excerpt":{"rendered":"My Account Login Username or email address&nbsp;* Password&nbsp;* Remember me Log in Lost your password? Register Username&nbsp;* Email address&nbsp;* Password&nbsp;* Register OrdersAddressesPayments","protected":false},"author":1,"featured_media":0,"parent":0,"menu_order":0,"comment_status":"closed","ping_status":"closed","template":"","meta":{"inline_featured_image":false,"footnotes":""},"class_list":["post-2530","page","type-page","status-publish","hentry"],"yoast_head":"<!-- This site is optimized with the Yoast SEO plugin v20.11 - https:\/\/yoast.com\/wordpress\/plugins\/seo\/ -->\n<title>My Account | FrontRowFan.com<\/title>\n<meta name=\"robots\" content=\"index, follow, max-snippet:-1, max-image-preview:large, max-video-preview:-1\" \/>\n<link rel=\"canonical\" href=\"https:\/\/frontrowfan.com\/en\/my-account\/\" \/>\n<meta property=\"og:locale\" content=\"en_US\" \/>\n<meta property=\"og:type\" content=\"article\" \/>\n<meta property=\"og:title\" content=\"My Account | FrontRowFan.com\" \/>\n<meta property=\"og:url\" content=\"https:\/\/frontrowfan.com\/en\/my-account\/\" \/>\n<meta property=\"og:site_name\" content=\"FrontRowFan.com\" \/>\n<meta property=\"article:publisher\" content=\"https:\/\/www.facebook.com\/somfanusikzprvehoradu\" \/>\n<meta property=\"article:modified_time\" content=\"2023-07-26T08:18:00+00:00\" \/>\n<meta property=\"og:image\" content=\"https:\/\/frontrowfan.com\/wp-content\/uploads\/2023\/06\/Obrazok-1024x648.png\" \/>\n\t<meta property=\"og:image:width\" content=\"1024\" \/>\n\t<meta property=\"og:image:height\" content=\"648\" \/>\n\t<meta property=\"og:image:type\" content=\"image\/png\" \/>\n<meta name=\"twitter:card\" content=\"summary_large_image\" \/>\n<meta name=\"twitter:label1\" content=\"Est. reading time\" \/>\n\t<meta name=\"twitter:data1\" content=\"1 minute\" \/>\n<script type=\"application\/ld+json\" class=\"yoast-schema-graph\">{\"@context\":\"https:\/\/schema.org\",\"@graph\":[{\"@type\":\"WebPage\",\"@id\":\"https:\/\/frontrowfan.com\/en\/my-account\/\",\"url\":\"https:\/\/frontrowfan.com\/en\/my-account\/\",\"name\":\"My Account | FrontRowFan.com\",\"isPartOf\":{\"@id\":\"https:\/\/frontrowfan.com\/en\/#website\"},\"datePublished\":\"2016-10-07T14:23:23+00:00\",\"dateModified\":\"2023-07-26T08:18:00+00:00\",\"breadcrumb\":{\"@id\":\"https:\/\/frontrowfan.com\/en\/my-account\/#breadcrumb\"},\"inLanguage\":\"en-US\",\"potentialAction\":[{\"@type\":\"ReadAction\",\"target\":[\"https:\/\/frontrowfan.com\/en\/my-account\/\"]}]},{\"@type\":\"BreadcrumbList\",\"@id\":\"https:\/\/frontrowfan.com\/en\/my-account\/#breadcrumb\",\"itemListElement\":[{\"@type\":\"ListItem\",\"position\":1,\"name\":\"Domovsk\u00e1 str\u00e1nka\",\"item\":\"https:\/\/frontrowfan.com\/en\/\"},{\"@type\":\"ListItem\",\"position\":2,\"name\":\"My Account\"}]},{\"@type\":\"WebSite\",\"@id\":\"https:\/\/frontrowfan.com\/en\/#website\",\"url\":\"https:\/\/frontrowfan.com\/en\/\",\"name\":\"FrontRowFan\",\"description\":\"Si ten spr\u00e1vny hudobn\u00fd fan\u00fa\u0161ik?\",\"publisher\":{\"@id\":\"https:\/\/frontrowfan.com\/en\/#organization\"},\"potentialAction\":[{\"@type\":\"SearchAction\",\"target\":{\"@type\":\"EntryPoint\",\"urlTemplate\":\"https:\/\/frontrowfan.com\/en\/?s={search_term_string}\"},\"query-input\":\"required name=search_term_string\"}],\"inLanguage\":\"en-US\"},{\"@type\":\"Organization\",\"@id\":\"https:\/\/frontrowfan.com\/en\/#organization\",\"name\":\"FrontRowFan\",\"url\":\"https:\/\/frontrowfan.com\/en\/\",\"logo\":{\"@type\":\"ImageObject\",\"inLanguage\":\"en-US\",\"@id\":\"https:\/\/frontrowfan.com\/en\/#\/schema\/logo\/image\/\",\"url\":\"https:\/\/frontrowfan.com\/wp-content\/uploads\/2023\/05\/FRF-logo.png\",\"contentUrl\":\"https:\/\/frontrowfan.com\/wp-content\/uploads\/2023\/05\/FRF-logo.png\",\"width\":297,\"height\":121,\"caption\":\"FrontRowFan\"},\"image\":{\"@id\":\"https:\/\/frontrowfan.com\/en\/#\/schema\/logo\/image\/\"},\"sameAs\":[\"https:\/\/www.facebook.com\/somfanusikzprvehoradu\"]}]}<\/script>\n<!-- \/ Yoast SEO plugin. -->","yoast_head_json":{"title":"My Account | FrontRowFan.com","robots":{"index":"index","follow":"follow","max-snippet":"max-snippet:-1","max-image-preview":"max-image-preview:large","max-video-preview":"max-video-preview:-1"},"canonical":"https:\/\/frontrowfan.com\/en\/my-account\/","og_locale":"en_US","og_type":"article","og_title":"My Account | FrontRowFan.com","og_url":"https:\/\/frontrowfan.com\/en\/my-account\/","og_site_name":"FrontRowFan.com","article_publisher":"https:\/\/www.facebook.com\/somfanusikzprvehoradu","article_modified_time":"2023-07-26T08:18:00+00:00","og_image":[{"width":1024,"height":648,"url":"https:\/\/frontrowfan.com\/wp-content\/uploads\/2023\/06\/Obrazok-1024x648.png","type":"image\/png"}],"twitter_card":"summary_large_image","twitter_misc":{"Est. reading time":"1 minute"},"schema":{"@context":"https:\/\/schema.org","@graph":[{"@type":"WebPage","@id":"https:\/\/frontrowfan.com\/en\/my-account\/","url":"https:\/\/frontrowfan.com\/en\/my-account\/","name":"My Account | FrontRowFan.com","isPartOf":{"@id":"https:\/\/frontrowfan.com\/en\/#website"},"datePublished":"2016-10-07T14:23:23+00:00","dateModified":"2023-07-26T08:18:00+00:00","breadcrumb":{"@id":"https:\/\/frontrowfan.com\/en\/my-account\/#breadcrumb"},"inLanguage":"en-US","potentialAction":[{"@type":"ReadAction","target":["https:\/\/frontrowfan.com\/en\/my-account\/"]}]},{"@type":"BreadcrumbList","@id":"https:\/\/frontrowfan.com\/en\/my-account\/#breadcrumb","itemListElement":[{"@type":"ListItem","position":1,"name":"Domovsk\u00e1 str\u00e1nka","item":"https:\/\/frontrowfan.com\/en\/"},{"@type":"ListItem","position":2,"name":"My Account"}]},{"@type":"WebSite","@id":"https:\/\/frontrowfan.com\/en\/#website","url":"https:\/\/frontrowfan.com\/en\/","name":"FrontRowFan","description":"Si ten spr\u00e1vny hudobn\u00fd fan\u00fa\u0161ik?","publisher":{"@id":"https:\/\/frontrowfan.com\/en\/#organization"},"potentialAction":[{"@type":"SearchAction","target":{"@type":"EntryPoint","urlTemplate":"https:\/\/frontrowfan.com\/en\/?s={search_term_string}"},"query-input":"required name=search_term_string"}],"inLanguage":"en-US"},{"@type":"Organization","@id":"https:\/\/frontrowfan.com\/en\/#organization","name":"FrontRowFan","url":"https:\/\/frontrowfan.com\/en\/","logo":{"@type":"ImageObject","inLanguage":"en-US","@id":"https:\/\/frontrowfan.com\/en\/#\/schema\/logo\/image\/","url":"https:\/\/frontrowfan.com\/wp-content\/uploads\/2023\/05\/FRF-logo.png","contentUrl":"https:\/\/frontrowfan.com\/wp-content\/uploads\/2023\/05\/FRF-logo.png","width":297,"height":121,"caption":"FrontRowFan"},"image":{"@id":"https:\/\/frontrowfan.com\/en\/#\/schema\/logo\/image\/"},"sameAs":["https:\/\/www.facebook.com\/somfanusikzprvehoradu"]}]}},"_links":{"self":[{"href":"https:\/\/frontrowfan.com\/en\/wp-json\/wp\/v2\/pages\/2530","targetHints":{"allow":["GET"]}}],"collection":[{"href":"https:\/\/frontrowfan.com\/en\/wp-json\/wp\/v2\/pages"}],"about":[{"href":"https:\/\/frontrowfan.com\/en\/wp-json\/wp\/v2\/types\/page"}],"author":[{"embeddable":true,"href":"https:\/\/frontrowfan.com\/en\/wp-json\/wp\/v2\/users\/1"}],"replies":[{"embeddable":true,"href":"https:\/\/frontrowfan.com\/en\/wp-json\/wp\/v2\/comments?post=2530"}],"version-history":[{"count":14,"href":"https:\/\/frontrowfan.com\/en\/wp-json\/wp\/v2\/pages\/2530\/revisions"}],"predecessor-version":[{"id":2857,"href":"https:\/\/frontrowfan.com\/en\/wp-json\/wp\/v2\/pages\/2530\/revisions\/2857"}],"wp:attachment":[{"href":"https:\/\/frontrowfan.com\/en\/wp-json\/wp\/v2\/media?parent=2530"}],"curies":[{"name":"wp","href":"https:\/\/api.w.org\/{rel}","templated":true}]}}